{"id":205,"date":"2024-08-30T16:47:20","date_gmt":"2024-08-30T16:47:20","guid":{"rendered":"https:\/\/stalset.se\/?page_id=205"},"modified":"2025-01-30T17:57:45","modified_gmt":"2025-01-30T17:57:45","slug":"processen","status":"publish","type":"page","link":"https:\/\/stalset.se\/en\/processen\/","title":{"rendered":"The Process"},"content":{"rendered":"<div id=\"fws_6a045e08c062e\"  data-column-margin=\"default\" data-midnight=\"dark\"  class=\"wpb_row vc_row-fluid vc_row full-width-section\"  style=\"padding-top: 0px; padding-bottom: 0px; \"><div class=\"row-bg-wrap\" data-bg-animation=\"none\" data-bg-animation-delay=\"\" data-bg-overlay=\"false\"><div class=\"inner-wrap row-bg-layer using-image\" ><div class=\"row-bg viewport-desktop using-image\"  style=\"background-image: url(https:\/\/stalset.se\/wp-content\/uploads\/2024\/09\/thumbnail-7.jpg); background-position: center center; background-repeat: no-repeat; \"><\/div><\/div><\/div><div class=\"row_col_wrap_12 col span_12 dark left\">\n\t<div  class=\"vc_col-sm-12 wpb_column column_container vc_column_container col no-extra-padding inherit_tablet inherit_phone\"  data-padding-pos=\"all\" data-has-bg-color=\"false\" data-bg-color=\"\" data-bg-opacity=\"1\" data-animation=\"\" data-delay=\"0\" >\n\t\t<div class=\"vc_column-inner\" >\n\t\t\t<div class=\"wpb_wrapper\">\n\t\t\t\t<div class=\"divider-wrap height_tablet_350px height_phone_350px\" data-alignment=\"default\"><div style=\"height: 350px;\" class=\"divider\"><\/div><\/div>\n\t\t\t<\/div> \n\t\t<\/div>\n\t<\/div> \n<\/div><\/div>\n\t\t<div id=\"fws_6a045e08c0ecf\"  data-column-margin=\"default\" data-midnight=\"dark\"  class=\"wpb_row vc_row-fluid vc_row\"  style=\"padding-top: 0px; padding-bottom: 0px; \"><div class=\"row-bg-wrap\" data-bg-animation=\"none\" data-bg-animation-delay=\"\" data-bg-overlay=\"false\"><div class=\"inner-wrap row-bg-layer\" ><div class=\"row-bg viewport-desktop\"  style=\"\"><\/div><\/div><\/div><div class=\"row_col_wrap_12 col span_12 dark left\">\n\t<div  class=\"vc_col-sm-12 wpb_column column_container vc_column_container col no-extra-padding inherit_tablet inherit_phone\"  data-padding-pos=\"all\" data-has-bg-color=\"false\" data-bg-color=\"\" data-bg-opacity=\"1\" data-animation=\"\" data-delay=\"0\" >\n\t\t<div class=\"vc_column-inner\" >\n\t\t\t<div class=\"wpb_wrapper\">\n\t\t\t\t<div class=\"divider-wrap height_tablet_50px height_phone_50px\" data-alignment=\"default\"><div style=\"height: 50px;\" class=\"divider\"><\/div><\/div>\n<div class=\"wpb_text_column wpb_content_element\" >\n\t<div class=\"wpb_wrapper\">\n\t\t<h1>The Process<\/h1>\n\t<\/div>\n<\/div>\n\n\n\n<div class=\"divider-wrap\" data-alignment=\"default\"><div style=\"margin-top: 12.5px; width: 20%; height: 5px; margin-bottom: 12.5px;\" data-width=\"20%\" data-animate=\"\" data-animation-delay=\"\" data-color=\"extra-color-gradient-2\" class=\"divider-small-border\"><\/div><\/div>\n<div class=\"wpb_text_column wpb_content_element\" >\n\t<div class=\"wpb_wrapper\">\n\t\t<h5>The process flowchart is designed to provide an overall structure and guidelines for various processes, but it is important to note that it is not a \"one-size-fits-all\" solution. Each request or product has unique requirements, specifications, and conditions that influence how processes should be carried out. Therefore, it is not always possible or appropriate to apply the entire process flowchart to every request or product as a whole.<\/h5>\n\t<\/div>\n<\/div>\n\n\n\n<div class=\"divider-wrap height_tablet_50px height_phone_50px\" data-alignment=\"default\"><div style=\"height: 50px;\" class=\"divider\"><\/div><\/div>\n\t\t\t<\/div> \n\t\t<\/div>\n\t<\/div> \n<\/div><\/div>\n\t\t<div id=\"fws_6a045e08c187e\"  data-column-margin=\"default\" data-midnight=\"dark\"  class=\"wpb_row vc_row-fluid vc_row\"  style=\"padding-top: 0px; padding-bottom: 0px; \"><div class=\"row-bg-wrap\" data-bg-animation=\"none\" data-bg-animation-delay=\"\" data-bg-overlay=\"false\"><div class=\"inner-wrap row-bg-layer\" ><div class=\"row-bg viewport-desktop\"  style=\"\"><\/div><\/div><\/div><div class=\"row_col_wrap_12 col span_12 dark left\">\n\t<div  class=\"vc_col-sm-12 wpb_column column_container vc_column_container col no-extra-padding inherit_tablet inherit_phone\"  data-padding-pos=\"all\" data-has-bg-color=\"false\" data-bg-color=\"\" data-bg-opacity=\"1\" data-animation=\"\" data-delay=\"0\" >\n\t\t<div class=\"vc_column-inner\" >\n\t\t\t<div class=\"wpb_wrapper\">\n\t\t\t\t<div class=\"nectar-icon-list\" data-icon-color=\"extra-color-gradient-2\" data-icon-style=\"border\" data-columns=\"3\" data-direction=\"vertical\" data-icon-size=\"medium\" data-animate=\"\"><div class=\"nectar-icon-list-item\"><div class=\"list-icon-holder\" data-icon_type=\"numerical\"><span>1<\/span><\/div><div class=\"content\"><h4>Inquiry<\/h4>The flow starts when we receive an inquiry from the customer, where the product's requirements and specifications are discussed. We gather all necessary information to begin the process.<\/div><\/div><div class=\"nectar-icon-list-item\"><div class=\"list-icon-holder\" data-icon_type=\"numerical\"><span>2<\/span><\/div><div class=\"content\"><h4>Quote\/Estimate<\/h4>After understanding the customer's needs, we conduct a thorough calculation and prepare a quote that includes the price, timeline, and other important details. The quote provides a clear picture of what can be expected from the project.<\/div><\/div><div class=\"nectar-icon-list-item\"><div class=\"list-icon-holder\" data-icon_type=\"numerical\"><span>3<\/span><\/div><div class=\"content\"><h4>Prototype<\/h4>After the quote is approved, we move on to developing a prototype. The prototype serves as the first physical representation of the final product, allowing for testing and feedback before mass production begins.<\/div><\/div><div class=\"nectar-icon-list-item\"><div class=\"list-icon-holder\" data-icon_type=\"numerical\"><span>4<\/span><\/div><div class=\"content\"><h4>APQP<\/h4>Advanced Product Quality Planning (APQP) ensures that all quality requirements are met through carefully planned steps, which reduces risks and improves product development in the PPAP process.<\/div><\/div><div class=\"nectar-icon-list-item\"><div class=\"list-icon-holder\" data-icon_type=\"numerical\"><span>5<\/span><\/div><div class=\"content\"><h4>PPAP \u2013 IMDS<\/h4>Production Part Approval Process (PPAP) ensures that all requirements and specifications are met before production begins. IMDS (International Material Data System) is used to ensure that material selection complies with chemical composition standards, ensuring that no prohibited substances are present in the component.<\/div><\/div><div class=\"nectar-icon-list-item\"><div class=\"list-icon-holder\" data-icon_type=\"numerical\"><span>6<\/span><\/div><div class=\"content\"><h4>Purchasing<\/h4>In this step, we ensure that all necessary materials and components are purchased according to the specifications established in previous steps, with a focus on quality and delivery time.<\/div><\/div><div class=\"nectar-icon-list-item\"><div class=\"list-icon-holder\" data-icon_type=\"numerical\"><span>7<\/span><\/div><div class=\"content\"><h4>Incoming materials \u2013 Inspection<\/h4>When the material arrives, a thorough inspection is carried out to ensure it meets all quality requirements before moving on to production.<\/div><\/div><div class=\"nectar-icon-list-item\"><div class=\"list-icon-holder\" data-icon_type=\"numerical\"><span>8<\/span><\/div><div class=\"content\"><h4>The manufacturing process<\/h4>This is where the actual manufacturing takes place according to specified processes. Each step is closely monitored to ensure the product maintains the highest possible quality, enabling the creation of an accurate control plan and ensuring smooth flow in the manufacturing process.<\/div><\/div><div class=\"nectar-icon-list-item\"><div class=\"list-icon-holder\" data-icon_type=\"numerical\"><span>9<\/span><\/div><div class=\"content\"><h4>Reworking \u2013 e.g. surface treatment<\/h4>After manufacturing, additional processing such as surface treatment can be performed to enhance the product's properties, such as corrosion resistance or aesthetics.<\/div><\/div><div class=\"nectar-icon-list-item\"><div class=\"list-icon-holder\" data-icon_type=\"numerical\"><span>10<\/span><\/div><div class=\"content\"><h4>Final inspection \u2013 Measurement<\/h4>A final quality control and measurement are conducted to ensure that the finished product meets all specifications and quality requirements before it is shipped out.<\/div><\/div><div class=\"nectar-icon-list-item\"><div class=\"list-icon-holder\" data-icon_type=\"numerical\"><span>11<\/span><\/div><div class=\"content\"><h4>Storage\/Packaging<\/h4>The products are stored and packaged according to the customer's requirements, with a focus on protecting the products during storage and transport.<\/div><\/div><div class=\"nectar-icon-list-item\"><div class=\"list-icon-holder\" data-icon_type=\"numerical\"><span>12<\/span><\/div><div class=\"content\"><h4>Logistics \/ Shipping<\/h4>The final step in the process is logistics, where the products are distributed to the customer. We ensure that the delivery is smooth and on time, according to the agreed terms.<\/div><\/div><\/div><div class=\"divider-wrap height_tablet_50px height_phone_50px\" data-alignment=\"default\"><div style=\"height: 50px;\" class=\"divider\"><\/div><\/div>\n\t\t\t<\/div> \n\t\t<\/div>\n\t<\/div> \n<\/div><\/div>","protected":false},"excerpt":{"rendered":"Processen Processchemat \u00e4r utformat f\u00f6r att ge en \u00f6vergripande struktur och riktlinjer f\u00f6r olika processer, men det \u00e4r viktigt att notera att det inte \u00e4r en \"one-size-fits-all\"-l\u00f6sning. Varje f\u00f6rfr\u00e5gan eller...","protected":false},"author":1,"featured_media":0,"parent":0,"menu_order":0,"comment_status":"closed","ping_status":"closed","template":"","meta":{"footnotes":""},"class_list":["post-205","page","type-page","status-publish"],"_links":{"self":[{"href":"https:\/\/stalset.se\/en\/wp-json\/wp\/v2\/pages\/205","targetHints":{"allow":["GET"]}}],"collection":[{"href":"https:\/\/stalset.se\/en\/wp-json\/wp\/v2\/pages"}],"about":[{"href":"https:\/\/stalset.se\/en\/wp-json\/wp\/v2\/types\/page"}],"author":[{"embeddable":true,"href":"https:\/\/stalset.se\/en\/wp-json\/wp\/v2\/users\/1"}],"replies":[{"embeddable":true,"href":"https:\/\/stalset.se\/en\/wp-json\/wp\/v2\/comments?post=205"}],"version-history":[{"count":12,"href":"https:\/\/stalset.se\/en\/wp-json\/wp\/v2\/pages\/205\/revisions"}],"predecessor-version":[{"id":331,"href":"https:\/\/stalset.se\/en\/wp-json\/wp\/v2\/pages\/205\/revisions\/331"}],"wp:attachment":[{"href":"https:\/\/stalset.se\/en\/wp-json\/wp\/v2\/media?parent=205"}],"curies":[{"name":"wp","href":"https:\/\/api.w.org\/{rel}","templated":true}]}}