{"id":141,"date":"2024-07-04T19:47:16","date_gmt":"2024-07-04T19:47:16","guid":{"rendered":"https:\/\/stalset.se\/?page_id=141"},"modified":"2025-11-30T18:08:20","modified_gmt":"2025-11-30T18:08:20","slug":"jobba-hos-oss","status":"publish","type":"page","link":"https:\/\/stalset.se\/en\/jobba-hos-oss\/","title":{"rendered":"Work with us!"},"content":{"rendered":"<div id=\"fws_69e8831dbf2d3\"  data-column-margin=\"default\" data-midnight=\"dark\"  class=\"wpb_row vc_row-fluid vc_row full-width-section\"  style=\"padding-top: 0px; padding-bottom: 0px; \"><div class=\"row-bg-wrap\" data-bg-animation=\"none\" data-bg-animation-delay=\"\" data-bg-overlay=\"false\"><div class=\"inner-wrap row-bg-layer using-image\" ><div class=\"row-bg viewport-desktop using-image\"  style=\"background-image: url(https:\/\/stalset.se\/wp-content\/uploads\/2024\/08\/Jobba_hos_oss.jpg); background-position: center center; background-repeat: no-repeat; \"><\/div><\/div><\/div><div class=\"row_col_wrap_12 col span_12 dark left\">\n\t<div  class=\"vc_col-sm-12 wpb_column column_container vc_column_container col no-extra-padding inherit_tablet inherit_phone\"  data-padding-pos=\"all\" data-has-bg-color=\"false\" data-bg-color=\"\" data-bg-opacity=\"1\" data-animation=\"\" data-delay=\"0\" >\n\t\t<div class=\"vc_column-inner\" >\n\t\t\t<div class=\"wpb_wrapper\">\n\t\t\t\t<div class=\"divider-wrap height_tablet_400px height_phone_400px\" data-alignment=\"default\"><div style=\"height: 400px;\" class=\"divider\"><\/div><\/div>\n\t\t\t<\/div> \n\t\t<\/div>\n\t<\/div> \n<\/div><\/div>\n\t\t<div id=\"fws_69e8831dbff87\"  data-column-margin=\"default\" data-midnight=\"dark\"  class=\"wpb_row vc_row-fluid vc_row full-width-content vc_row-o-equal-height vc_row-flex vc_row-o-content-top  right_padding_5pct left_padding_5pct\"  style=\"padding-top: 0px; padding-bottom: 0px; \"><div class=\"row-bg-wrap\" data-bg-animation=\"none\" data-bg-animation-delay=\"\" data-bg-overlay=\"false\"><div class=\"inner-wrap row-bg-layer\" ><div class=\"row-bg viewport-desktop\"  style=\"\"><\/div><\/div><\/div><div class=\"row_col_wrap_12 col span_12 dark left\">\n\t<div  class=\"vc_col-sm-12 wpb_column column_container vc_column_container col no-extra-padding inherit_tablet inherit_phone\"  data-padding-pos=\"all\" data-has-bg-color=\"false\" data-bg-color=\"\" data-bg-opacity=\"1\" data-animation=\"\" data-delay=\"0\" >\n\t\t<div class=\"vc_column-inner\" >\n\t\t\t<div class=\"wpb_wrapper\">\n\t\t\t\t<div class=\"divider-wrap height_tablet_35px height_phone_35px\" data-alignment=\"default\"><div style=\"height: 35px;\" class=\"divider\"><\/div><\/div>\n<div class=\"wpb_text_column wpb_content_element\" >\n\t<div class=\"wpb_wrapper\">\n\t\t<h1>Work with us!<\/h1>\n\t<\/div>\n<\/div>\n\n\n\n<div class=\"divider-wrap\" data-alignment=\"default\"><div style=\"margin-top: 12.5px; width: 60px; height: 1px; margin-bottom: 12.5px;\" data-width=\"60px\" data-animate=\"\" data-animation-delay=\"\" data-color=\"extra-color-gradient-2\" class=\"divider-small-border\"><\/div><\/div><div class=\"divider-wrap height_tablet_35px height_phone_35px\" data-alignment=\"default\"><div style=\"height: 35px;\" class=\"divider\"><\/div><\/div>\n\t\t\t<\/div> \n\t\t<\/div>\n\t<\/div> \n<\/div><\/div>\n\t\t<div id=\"fws_69e8831dc0b90\"  data-column-margin=\"default\" data-midnight=\"dark\"  class=\"wpb_row vc_row-fluid vc_row full-width-content vc_row-o-equal-height vc_row-flex vc_row-o-content-top  right_padding_5pct left_padding_5pct\"  style=\"padding-top: 0px; padding-bottom: 0px; \"><div class=\"row-bg-wrap\" data-bg-animation=\"none\" data-bg-animation-delay=\"\" data-bg-overlay=\"false\"><div class=\"inner-wrap row-bg-layer\" ><div class=\"row-bg viewport-desktop\"  style=\"\"><\/div><\/div><\/div><div class=\"row_col_wrap_12 col span_12 dark left\">\n\t<div  class=\"vc_col-sm-12 wpb_column column_container vc_column_container col no-extra-padding inherit_tablet inherit_phone\"  data-padding-pos=\"all\" data-has-bg-color=\"false\" data-bg-color=\"\" data-bg-opacity=\"1\" data-animation=\"\" data-delay=\"0\" >\n\t\t<div class=\"vc_column-inner\" >\n\t\t\t<div class=\"wpb_wrapper\">\n\t\t\t\t\n\t<div class=\"wpb_content_element\" data-interval=\"0\">\n\t\t<div class=\"wpb_wrapper tabbed clearfix\" data-style=\"vertical_modern\" data-animation=\"\" data-spacing=\"\" data-icon-size=\"24\" data-full-width-line=\"\" data-color-scheme=\"extra-color-1\" data-alignment=\"left\">\n\t\t\t<ul class=\"wpb_tabs_nav ui-tabs-nav clearfix\"><li class=\"tab-item active-tab\"><a role=\"button\" href=\"#tab-1764526088220-4\" class=\"active-tab\"><span>Fr\u00e4soperat\u00f6r<\/span><\/a><\/li><\/ul>\n\n\t\t\t\n\t\t\t<div id=\"tab-frasoperator\" data-tab-icon=\"fa fa-cogs\" class=\"wpb_tab ui-tabs-panel wpb_ui-tabs-hide clearfix\">\n\t\t\t\t\n<div class=\"wpb_text_column wpb_content_element\" >\n\t<div class=\"wpb_wrapper\">\n\t\t<h3>Vi s\u00f6ker nu en person till en roll med inriktning\u00a0fr\u00e4soperat\u00f6r till St\u00e5l Set AB<\/h3>\n\t<\/div>\n<\/div>\n\n\n\n\n<div class=\"wpb_text_column wpb_content_element\" >\n\t<div class=\"wpb_wrapper\">\n\t\t<p>Vi p\u00e5 St\u00e5l Set AB letar nu efter en ny kollega till v\u00e5r fr\u00e4savdelning \u2013 en fr\u00e4soperat\u00f6r med<br \/>\nerfarenhet av programmering.<\/p>\n<h3>Om tj\u00e4nsten<\/h3>\n<p>Hos oss arbetar du med tre fr\u00e4smaskiner:<br \/>\n&#8211; Haas VF4SS med ABB-robot<br \/>\n&#8211; Haas VF6<br \/>\n&#8211; Haas VF9<\/p>\n<p>Programmering och CAD sker i Mastercam. Rollen inneb\u00e4r att du ansvarar f\u00f6r hela kedjan:<br \/>\n&#8211; Framtagning av fixturer och fixering<br \/>\n&#8211; Programmering<br \/>\n&#8211; Materialf\u00f6rs\u00f6rjning<br \/>\n&#8211; Till viss del \u00e4ven programmering av ABB-roboten<\/p>\n<p>Har du tidigare erfarenhet av robotprogrammering \u00e4r det ett stort plus, men ingen<br \/>\nn\u00f6dv\u00e4ndighet. Vi har kompetensen internt och erbjuder en bra introduktion. V\u00e5r tidigare<br \/>\noperat\u00f6r finns dessutom kvar i fabriken f\u00f6r uppl\u00e4rning och st\u00f6d \u2013 du blir aldrig l\u00e4mnad<br \/>\nensam.<\/p>\n<p><strong>Om anst\u00e4llningen<\/strong><br \/>\n&#8211; Arbetstid: Dagtid, kl. 07.00\u201316.00<br \/>\n&#8211; Anst\u00e4llningsform: Provanst\u00e4llning 6 m\u00e5nader, med ambition att \u00f6verg\u00e5 till fast heltid<br \/>\n&#8211; Vi s\u00f6ker: En l\u00e5ngsiktig medarbetare som vill v\u00e4xa med oss<br \/>\n&#8211; Plats: St\u00e5l Set AB, Hovsl\u00e4tt<br \/>\n&#8211; Tilltr\u00e4de: februari-mars 2026, eller enligt \u00f6verenskommelse<\/p>\n<p><strong>Vi erbjuder<\/strong><br \/>\n&#8211; En trygg heltidstj\u00e4nst.<br \/>\n&#8211; M\u00f6jlighet att v\u00e4xa och utveckla rollen utifr\u00e5n dina styrkor<br \/>\n&#8211; En n\u00e4ra och familj\u00e4r arbetsmilj\u00f6 med korta beslutsv\u00e4gar<br \/>\n&#8211; En arbetsplats som v\u00e4rdes\u00e4tter l\u00e5ngsiktiga relationer<\/p>\n\t<\/div>\n<\/div>\n\n\n\n\n\t\t\t<\/div> \n\t\t<\/div> \n\t<\/div> \n\t\t\t<\/div> \n\t\t<\/div>\n\t<\/div> \n<\/div><\/div>\n\t\t<div id=\"fws_69e8831dc1d19\"  data-column-margin=\"default\" data-midnight=\"dark\"  class=\"wpb_row vc_row-fluid vc_row\"  style=\"padding-top: 0px; padding-bottom: 0px; \"><div class=\"row-bg-wrap\" data-bg-animation=\"none\" data-bg-animation-delay=\"\" data-bg-overlay=\"false\"><div class=\"inner-wrap row-bg-layer\" ><div class=\"row-bg viewport-desktop\"  style=\"\"><\/div><\/div><\/div><div class=\"row_col_wrap_12 col span_12 dark left\">\n\t<div  class=\"vc_col-sm-12 wpb_column column_container vc_column_container col no-extra-padding inherit_tablet inherit_phone\"  data-padding-pos=\"all\" data-has-bg-color=\"false\" data-bg-color=\"\" data-bg-opacity=\"1\" data-animation=\"\" data-delay=\"0\" >\n\t\t<div class=\"vc_column-inner\" >\n\t\t\t<div class=\"wpb_wrapper\">\n\t\t\t\t<div class=\"divider-wrap height_tablet_50px height_phone_50px\" data-alignment=\"default\"><div style=\"height: 50px;\" class=\"divider\"><\/div><\/div>\n\t\t\t<\/div> \n\t\t<\/div>\n\t<\/div> \n<\/div><\/div>\n\t\t<div id=\"fws_69e8831dc21b5\"  data-column-margin=\"default\" data-midnight=\"dark\"  class=\"wpb_row vc_row-fluid vc_row\"  style=\"padding-top: 0px; padding-bottom: 0px; \"><div class=\"row-bg-wrap\" data-bg-animation=\"none\" data-bg-animation-delay=\"\" data-bg-overlay=\"false\"><div class=\"inner-wrap row-bg-layer\" ><div class=\"row-bg viewport-desktop\"  style=\"\"><\/div><\/div><\/div><div class=\"row_col_wrap_12 col span_12 dark left\">\n\t<div  class=\"vc_col-sm-12 wpb_column column_container vc_column_container col no-extra-padding inherit_tablet inherit_phone\"  data-padding-pos=\"all\" data-has-bg-color=\"false\" data-bg-color=\"\" data-bg-opacity=\"1\" data-animation=\"\" data-delay=\"0\" >\n\t\t<div class=\"vc_column-inner\" >\n\t\t\t<div class=\"wpb_wrapper\">\n\t\t\t\t\n<div class=\"wpb_text_column wpb_content_element\" >\n\t<div class=\"wpb_wrapper\">\n\t\t<h2 style=\"text-align: center;\">Skicka in din ans\u00f6kan via informationen nedan idag!<\/h2>\n\t<\/div>\n<\/div>\n\n\n\n\n\t\t\t<\/div> \n\t\t<\/div>\n\t<\/div> \n<\/div><\/div>\n\t\t<div id=\"fws_69e8831dc2641\"  data-column-margin=\"default\" data-midnight=\"dark\"  class=\"wpb_row vc_row-fluid vc_row\"  style=\"padding-top: 0px; padding-bottom: 0px; \"><div class=\"row-bg-wrap\" data-bg-animation=\"none\" data-bg-animation-delay=\"\" data-bg-overlay=\"false\"><div class=\"inner-wrap row-bg-layer\" ><div class=\"row-bg viewport-desktop\"  style=\"\"><\/div><\/div><\/div><div class=\"row_col_wrap_12 col span_12 dark left\">\n\t<div  class=\"vc_col-sm-6 wpb_column column_container vc_column_container col centered-text no-extra-padding inherit_tablet inherit_phone\"  data-padding-pos=\"all\" data-has-bg-color=\"false\" data-bg-color=\"\" data-bg-opacity=\"1\" data-animation=\"\" data-delay=\"0\" >\n\t\t<div class=\"vc_column-inner\" >\n\t\t\t<div class=\"wpb_wrapper\">\n\t\t\t\t<div class=\"nectar_icon_wrap\" data-style=\"soft-bg\" data-padding=\"20px\" data-color=\"extra-color-gradient-2\" style=\"\" >\n\t\t<div class=\"nectar_icon\" style=\"height: 117px; width: 117px;\"><a href=\"mailto:billy.stal.set@telia.com\" ><\/a><i style=\"font-size: 50px; line-height: 75px; height: 75px; width: 75px;\" class=\"fa fa-envelope\"><\/i><\/div>\n\t<\/div>\n<div class=\"wpb_text_column wpb_content_element\" >\n\t<div class=\"wpb_wrapper\">\n\t\t<h4>Billy.stal.set@telia.com<\/h4>\n\t<\/div>\n<\/div>\n\n\n\n\n\t\t\t<\/div> \n\t\t<\/div>\n\t<\/div> \n\n\t<div  class=\"vc_col-sm-6 wpb_column column_container vc_column_container col centered-text no-extra-padding inherit_tablet inherit_phone\"  data-padding-pos=\"all\" data-has-bg-color=\"false\" data-bg-color=\"\" data-bg-opacity=\"1\" data-animation=\"\" data-delay=\"0\" >\n\t\t<div class=\"vc_column-inner\" >\n\t\t\t<div class=\"wpb_wrapper\">\n\t\t\t\t<div class=\"nectar_icon_wrap\" data-style=\"soft-bg\" data-padding=\"20px\" data-color=\"extra-color-gradient-2\" style=\"\" >\n\t\t<div class=\"nectar_icon\" style=\"height: 117px; width: 117px;\"><a href=\"tel:+46704464322\" ><\/a><i style=\"font-size: 50px; line-height: 75px; height: 75px; width: 75px;\" class=\"fa fa-phone-square\"><\/i><\/div>\n\t<\/div>\n<div class=\"wpb_text_column wpb_content_element\" >\n\t<div class=\"wpb_wrapper\">\n\t\t<h4>070\u00a0446 43 22<\/h4>\n\t<\/div>\n<\/div>\n\n\n\n\n\t\t\t<\/div> \n\t\t<\/div>\n\t<\/div> \n<\/div><\/div>\n\t\t<div id=\"fws_69e8831dc3315\"  data-column-margin=\"default\" data-midnight=\"dark\"  class=\"wpb_row vc_row-fluid vc_row\"  style=\"padding-top: 0px; padding-bottom: 0px; \"><div class=\"row-bg-wrap\" data-bg-animation=\"none\" data-bg-animation-delay=\"\" data-bg-overlay=\"false\"><div class=\"inner-wrap row-bg-layer\" ><div class=\"row-bg viewport-desktop\"  style=\"\"><\/div><\/div><\/div><div class=\"row_col_wrap_12 col span_12 dark left\">\n\t<div  class=\"vc_col-sm-12 wpb_column column_container vc_column_container col no-extra-padding inherit_tablet inherit_phone\"  data-padding-pos=\"all\" data-has-bg-color=\"false\" data-bg-color=\"\" data-bg-opacity=\"1\" data-animation=\"\" data-delay=\"0\" >\n\t\t<div class=\"vc_column-inner\" >\n\t\t\t<div class=\"wpb_wrapper\">\n\t\t\t\t<div class=\"divider-wrap height_tablet_50px height_phone_50px\" data-alignment=\"default\"><div style=\"height: 50px;\" class=\"divider\"><\/div><\/div>\n\t\t\t<\/div> \n\t\t<\/div>\n\t<\/div> \n<\/div><\/div>\n\t\t<div id=\"fws_69e8831dc3a05\"  data-column-margin=\"default\" data-midnight=\"dark\"  class=\"wpb_row vc_row-fluid vc_row\"  style=\"padding-top: 0px; padding-bottom: 0px; \"><div class=\"row-bg-wrap\" data-bg-animation=\"none\" data-bg-animation-delay=\"\" data-bg-overlay=\"false\"><div class=\"inner-wrap row-bg-layer\" ><div class=\"row-bg viewport-desktop\"  style=\"\"><\/div><\/div><\/div><div class=\"row_col_wrap_12 col span_12 dark left\">\n\t<div  class=\"vc_col-sm-12 wpb_column column_container vc_column_container col centered-text no-extra-padding column_element_direction_desktop_horizontal force-desktop-text-align-center el_spacing_20px inherit_tablet inherit_phone\"  data-padding-pos=\"all\" data-has-bg-color=\"false\" data-bg-color=\"\" data-bg-opacity=\"1\" data-animation=\"\" data-delay=\"0\" >\n\t\t<div class=\"vc_column-inner\" >\n\t\t\t<div class=\"wpb_wrapper\">\n\t\t\t\t\n<div class=\"wpb_text_column wpb_content_element\" >\n\t<div class=\"wpb_wrapper\">\n\t\t<h3 style=\"text-align: center;\">Har du stor erfarenhet av verkstadsarbete?<br \/>\nTveka inte p\u00e5 att skicka in en spontanans\u00f6kan!<\/h3>\n\t<\/div>\n<\/div>\n\n\n\n<div class=\"nectar_icon_wrap\" data-style=\"default\" data-padding=\"20px\" data-color=\"accent-color\" style=\"\" >\n\t\t<div class=\"nectar_icon\" ><i style=\"font-size: 50px; line-height: 50px; height: 50px; width: 50px;\" class=\"fa fa-paper-plane\"><\/i><\/div>\n\t<\/div>\n\t\t\t<\/div> \n\t\t<\/div>\n\t<\/div> \n<\/div><\/div>\n\t\t<div id=\"fws_69e8831dc413b\"  data-column-margin=\"default\" data-midnight=\"dark\"  class=\"wpb_row vc_row-fluid vc_row\"  style=\"padding-top: 0px; padding-bottom: 0px; \"><div class=\"row-bg-wrap\" data-bg-animation=\"none\" data-bg-animation-delay=\"\" data-bg-overlay=\"false\"><div class=\"inner-wrap row-bg-layer\" ><div class=\"row-bg viewport-desktop\"  style=\"\"><\/div><\/div><\/div><div class=\"row_col_wrap_12 col span_12 dark left\">\n\t<div  class=\"vc_col-sm-12 wpb_column column_container vc_column_container col no-extra-padding inherit_tablet inherit_phone\"  data-padding-pos=\"all\" data-has-bg-color=\"false\" data-bg-color=\"\" data-bg-opacity=\"1\" data-animation=\"\" data-delay=\"0\" >\n\t\t<div class=\"vc_column-inner\" >\n\t\t\t<div class=\"wpb_wrapper\">\n\t\t\t\t<div class=\"divider-wrap height_tablet_35px height_phone_35px\" data-alignment=\"default\"><div style=\"height: 35px;\" class=\"divider\"><\/div><\/div>\n\t\t\t<\/div> \n\t\t<\/div>\n\t<\/div> \n<\/div><\/div>","protected":false},"excerpt":{"rendered":"Jobba hos oss! Fr\u00e4soperat\u00f6r Vi s\u00f6ker nu en person till en roll med inriktning\u00a0fr\u00e4soperat\u00f6r till St\u00e5l Set AB Vi p\u00e5 St\u00e5l Set AB letar nu efter en ny kollega till...","protected":false},"author":1,"featured_media":0,"parent":0,"menu_order":0,"comment_status":"closed","ping_status":"closed","template":"","meta":{"footnotes":""},"class_list":["post-141","page","type-page","status-publish"],"_links":{"self":[{"href":"https:\/\/stalset.se\/en\/wp-json\/wp\/v2\/pages\/141","targetHints":{"allow":["GET"]}}],"collection":[{"href":"https:\/\/stalset.se\/en\/wp-json\/wp\/v2\/pages"}],"about":[{"href":"https:\/\/stalset.se\/en\/wp-json\/wp\/v2\/types\/page"}],"author":[{"embeddable":true,"href":"https:\/\/stalset.se\/en\/wp-json\/wp\/v2\/users\/1"}],"replies":[{"embeddable":true,"href":"https:\/\/stalset.se\/en\/wp-json\/wp\/v2\/comments?post=141"}],"version-history":[{"count":19,"href":"https:\/\/stalset.se\/en\/wp-json\/wp\/v2\/pages\/141\/revisions"}],"predecessor-version":[{"id":197,"href":"https:\/\/stalset.se\/en\/wp-json\/wp\/v2\/pages\/141\/revisions\/197"}],"wp:attachment":[{"href":"https:\/\/stalset.se\/en\/wp-json\/wp\/v2\/media?parent=141"}],"curies":[{"name":"wp","href":"https:\/\/api.w.org\/{rel}","templated":true}]}}